{"id":2812,"date":"2021-12-09T08:52:39","date_gmt":"2021-12-09T11:52:39","guid":{"rendered":"https:\/\/appc.coop.br\/?page_id=2812"},"modified":"2021-12-09T11:47:31","modified_gmt":"2021-12-09T14:47:31","slug":"conheca-sua-pilarmoscato","status":"publish","type":"page","link":"https:\/\/appc.coop.br\/en\/conheca-sua-pilarmoscato\/","title":{"rendered":"Conheca Sua Pilarmoscato\u00ae"},"content":{"rendered":"<p class=\"has-black-color has-text-color has-medium-font-size\">Hello, we at Cooperativa Agroindustrial APPC thank you for purchasing a product of our brand, we always work with quality and safety in our products<\/p>\n\n\n\n<p class=\"has-black-color has-text-color has-medium-font-size\">But do you have any idea how the grape arrived at your residence? watch the video below where we explain the entire step by step of how Pilarmoscato\u00ae went from the farm of our cooperative members to your dinner table.<\/p>\n\n\n\n<figure class=\"wp-block-embed aligncenter is-type-video is-provider-youtube wp-block-embed-youtube wp-embed-aspect-16-9 wp-has-aspect-ratio\"><div class=\"wp-block-embed__wrapper\">\n<iframe title=\"Meet Pilarmoscato\u00ae\" width=\"1220\" height=\"686\" src=\"https:\/\/www.youtube.com\/embed\/ZIginwSIQ6k?feature=oembed\" frameborder=\"0\" allow=\"accelerometer; autoplay; clipboard-write; encrypted-media; gyroscope; picture-in-picture\" allowfullscreen><\/iframe>\n<\/div><\/figure>\n\n\n\n<p class=\"has-black-color has-text-color has-medium-font-size\">We appreciate your preference and get to know <a rel=\"noreferrer noopener\" href=\"https:\/\/appc.coop.br\/en\/nossas-frutas\/\" data-type=\"URL\" data-id=\"https:\/\/appc.coop.br\/pt_br\/nossas-frutas\/\" target=\"_blank\">our products<\/a> or <a rel=\"noreferrer noopener\" href=\"https:\/\/appc.coop.br\/en\/conheca-a-appc\/\" data-type=\"URL\" data-id=\"https:\/\/appc.coop.br\/pt_br\/conheca-a-appc\/\" target=\"_blank\">our story<\/a>.<\/p>\n\n\n\n<p><\/p>\n\n\n\n<div class=\"wp-block-image is-style-default\"><figure class=\"aligncenter size-medium\"><img fetchpriority=\"high\" decoding=\"async\" width=\"285\" height=\"300\" src=\"https:\/\/appc.coop.br\/wp-content\/uploads\/2021\/12\/LOGO-APPC-285x300.png\" alt=\"\" class=\"wp-image-2814\" srcset=\"https:\/\/appc.coop.br\/wp-content\/uploads\/2021\/12\/LOGO-APPC-285x300.png 285w, https:\/\/appc.coop.br\/wp-content\/uploads\/2021\/12\/LOGO-APPC-973x1024.png 973w, https:\/\/appc.coop.br\/wp-content\/uploads\/2021\/12\/LOGO-APPC-768x809.png 768w, https:\/\/appc.coop.br\/wp-content\/uploads\/2021\/12\/LOGO-APPC-1459x1536.png 1459w, https:\/\/appc.coop.br\/wp-content\/uploads\/2021\/12\/LOGO-APPC-11x12.png 11w, https:\/\/appc.coop.br\/wp-content\/uploads\/2021\/12\/LOGO-APPC-139x146.png 139w, https:\/\/appc.coop.br\/wp-content\/uploads\/2021\/12\/LOGO-APPC-47x50.png 47w, https:\/\/appc.coop.br\/wp-content\/uploads\/2021\/12\/LOGO-APPC-71x75.png 71w, https:\/\/appc.coop.br\/wp-content\/uploads\/2021\/12\/LOGO-APPC.png 1590w\" sizes=\"(max-width:767px) 285px, 285px\" \/><figcaption><strong>APPC, United Innovating Fruit growing<\/strong><\/figcaption><\/figure><\/div>","protected":false},"excerpt":{"rendered":"<p>Ol\u00e1, n\u00f3s da Cooperativa Agroindustrial APPC agradecemos a aquisi\u00e7\u00e3o de um produto de nossa marca, trabalhamos sempre com qualidade e seguran\u00e7a em nossos produtos Mas voc\u00ea<span class=\"excerpt-hellip\"> [\u2026]<\/span><\/p>\n","protected":false},"author":1,"featured_media":0,"parent":0,"menu_order":0,"comment_status":"closed","ping_status":"closed","template":"","meta":{"footnotes":""},"class_list":["post-2812","page","type-page","status-publish","hentry"],"_links":{"self":[{"href":"https:\/\/appc.coop.br\/en\/wp-json\/wp\/v2\/pages\/2812","targetHints":{"allow":["GET"]}}],"collection":[{"href":"https:\/\/appc.coop.br\/en\/wp-json\/wp\/v2\/pages"}],"about":[{"href":"https:\/\/appc.coop.br\/en\/wp-json\/wp\/v2\/types\/page"}],"author":[{"embeddable":true,"href":"https:\/\/appc.coop.br\/en\/wp-json\/wp\/v2\/users\/1"}],"replies":[{"embeddable":true,"href":"https:\/\/appc.coop.br\/en\/wp-json\/wp\/v2\/comments?post=2812"}],"version-history":[{"count":10,"href":"https:\/\/appc.coop.br\/en\/wp-json\/wp\/v2\/pages\/2812\/revisions"}],"predecessor-version":[{"id":2829,"href":"https:\/\/appc.coop.br\/en\/wp-json\/wp\/v2\/pages\/2812\/revisions\/2829"}],"wp:attachment":[{"href":"https:\/\/appc.coop.br\/en\/wp-json\/wp\/v2\/media?parent=2812"}],"curies":[{"name":"wp","href":"https:\/\/api.w.org\/{rel}","templated":true}]}}